{"id":1641,"date":"2017-08-02T11:33:06","date_gmt":"2017-08-02T10:33:06","guid":{"rendered":"http:\/\/www.alterconsulting.es\/?page_id=1641\/"},"modified":"2023-03-01T12:34:04","modified_gmt":"2023-03-01T11:34:04","slug":"juanjo-trullos","status":"publish","type":"page","link":"https:\/\/www.alterconsulting.es\/eu\/taldea\/juanjo-trullos\/","title":{"rendered":"Juanjo Trullos"},"content":{"rendered":"<p>[et_pb_section fb_built=&#8221;1&#8243; custom_padding_last_edited=&#8221;on|phone&#8221; _builder_version=&#8221;4.19.4&#8243; _module_preset=&#8221;default&#8221; background_image=&#8221;http:\/\/www.alterconsulting.es\/wp-content\/uploads\/2023\/03\/Alter-Consulting-Asesoria-Auditoria-Consultoria-Gestion-y-Direccion-Creativas-en-Donostia-San-Sebastian-Gipuzkoa.jpg&#8221; background_position=&#8221;bottom_center&#8221; custom_padding=&#8221;25px||25px||false|false&#8221; custom_padding_tablet=&#8221;0px||0px||false|false&#8221; custom_padding_phone=&#8221;0px||0px||false|false&#8221; global_colors_info=&#8221;{}&#8221; theme_builder_area=&#8221;post_content&#8221;][et_pb_row column_structure=&#8221;1_2,1_2&#8243; _builder_version=&#8221;4.19.4&#8243; _module_preset=&#8221;default&#8221; width=&#8221;100%&#8221; global_colors_info=&#8221;{}&#8221; theme_builder_area=&#8221;post_content&#8221;][et_pb_column type=&#8221;1_2&#8243; _builder_version=&#8221;4.19.4&#8243; _module_preset=&#8221;default&#8221; custom_padding=&#8221;|||10%|false|false&#8221; global_colors_info=&#8221;{}&#8221; theme_builder_area=&#8221;post_content&#8221;][dsm_typing_effect typing_effect=&#8221;TALDEA&#8221; typing_loop=&#8221;off&#8221; typing_remove_cursor=&#8221;on&#8221; _builder_version=&#8221;4.19.4&#8243; _module_preset=&#8221;default&#8221; header_text_color=&#8221;#B5022A&#8221; header_font_size=&#8221;80px&#8221; header_line_height=&#8221;96px&#8221; custom_margin=&#8221;7px|||||&#8221; header_text_align_tablet=&#8221;center&#8221; header_text_align_phone=&#8221;center&#8221; header_text_align_last_edited=&#8221;on|tablet&#8221; global_colors_info=&#8221;{}&#8221; theme_builder_area=&#8221;post_content&#8221;][\/dsm_typing_effect][\/et_pb_column][et_pb_column type=&#8221;1_2&#8243; _builder_version=&#8221;4.19.4&#8243; _module_preset=&#8221;default&#8221; global_colors_info=&#8221;{}&#8221; theme_builder_area=&#8221;post_content&#8221;][et_pb_button button_url=&#8221;https:\/\/www.alterconsulting.es\/eu\/taldea\/#taldea&#8221; button_text=&#8221;Itzuli Taldera&#8221; button_alignment=&#8221;right&#8221; button_alignment_tablet=&#8221;left&#8221; button_alignment_phone=&#8221;center&#8221; button_alignment_last_edited=&#8221;on|phone&#8221; disabled_on=&#8221;on|off|off&#8221; _builder_version=&#8221;4.19.4&#8243; _module_preset=&#8221;default&#8221; custom_button=&#8221;on&#8221; button_text_color=&#8221;#FFFFFF&#8221; button_bg_color=&#8221;#B5022A&#8221; button_border_width=&#8221;0px&#8221; button_border_radius=&#8221;10px&#8221; button_font=&#8221;Roboto Condensed||||||||&#8221; custom_margin=&#8221;30px|5%|32px|5%|false|false&#8221; custom_padding=&#8221;|30px||30px|false|false&#8221; locked=&#8221;off&#8221; global_colors_info=&#8221;{}&#8221; theme_builder_area=&#8221;post_content&#8221;][\/et_pb_button][et_pb_button button_url=&#8221;https:\/\/www.alterconsulting.es\/eu\/taldea\/#taldea&#8221; button_text=&#8221;Itzuli Taldera&#8221; button_alignment=&#8221;right&#8221; button_alignment_tablet=&#8221;left&#8221; button_alignment_phone=&#8221;center&#8221; button_alignment_last_edited=&#8221;on|phone&#8221; disabled_on=&#8221;off|on|on&#8221; _builder_version=&#8221;4.19.4&#8243; _module_preset=&#8221;default&#8221; custom_button=&#8221;on&#8221; button_text_color=&#8221;#FFFFFF&#8221; button_bg_color=&#8221;#B5022A&#8221; button_border_width=&#8221;0px&#8221; button_border_radius=&#8221;10px&#8221; button_font=&#8221;Roboto Condensed||||||||&#8221; custom_margin=&#8221;30px|5%|32px|5%|false|false&#8221; custom_padding=&#8221;|30px||30px|false|false&#8221; button_text_size_tablet=&#8221;&#8221; button_text_size_phone=&#8221;13px&#8221; button_text_size_last_edited=&#8221;on|phone&#8221; locked=&#8221;off&#8221; global_colors_info=&#8221;{}&#8221; theme_builder_area=&#8221;post_content&#8221;][\/et_pb_button][\/et_pb_column][\/et_pb_row][\/et_pb_section][et_pb_section fb_built=&#8221;1&#8243; _builder_version=&#8221;4.19.4&#8243; _module_preset=&#8221;default&#8221; custom_padding=&#8221;||0px||false|false&#8221; global_colors_info=&#8221;{}&#8221; theme_builder_area=&#8221;post_content&#8221;][et_pb_row column_structure=&#8221;1_2,1_2&#8243; _builder_version=&#8221;4.19.4&#8243; _module_preset=&#8221;default&#8221; global_colors_info=&#8221;{}&#8221; theme_builder_area=&#8221;post_content&#8221;][et_pb_column type=&#8221;1_2&#8243; _builder_version=&#8221;4.19.4&#8243; _module_preset=&#8221;default&#8221; global_colors_info=&#8221;{}&#8221; theme_builder_area=&#8221;post_content&#8221;][et_pb_text _builder_version=&#8221;4.19.4&#8243; _module_preset=&#8221;default&#8221; text_font=&#8221;Roboto Condensed|||on|||||&#8221; text_text_color=&#8221;#B5022A&#8221; text_font_size=&#8221;45px&#8221; text_line_height=&#8221;50px&#8221; custom_margin=&#8221;||0px||false|false&#8221; custom_margin_tablet=&#8221;|0%|||false|false&#8221; custom_margin_phone=&#8221;|0%|||false|false&#8221; custom_margin_last_edited=&#8221;on|tablet&#8221; custom_padding=&#8221;|||15%|false|false&#8221; custom_padding_tablet=&#8221;|0%||0%|false|false&#8221; custom_padding_phone=&#8221;|0%||0%|false|false&#8221; custom_padding_last_edited=&#8221;on|tablet&#8221; global_colors_info=&#8221;{}&#8221; theme_builder_area=&#8221;post_content&#8221;]<\/p>\n<p><span>Juanjo Trullos<\/span><\/p>\n<p>[\/et_pb_text][et_pb_text _builder_version=&#8221;4.19.4&#8243; _module_preset=&#8221;default&#8221; text_font=&#8221;Roboto Condensed||||||||&#8221; text_text_color=&#8221;#656565&#8243; text_font_size=&#8221;40px&#8221; text_line_height=&#8221;50px&#8221; custom_margin=&#8221;|15%|0px||false|false&#8221; custom_margin_tablet=&#8221;|0%|||false|false&#8221; custom_margin_phone=&#8221;|0%|||false|false&#8221; custom_margin_last_edited=&#8221;on|tablet&#8221; custom_padding=&#8221;|10%||15%|false|false&#8221; custom_padding_tablet=&#8221;|0%||0%|false|false&#8221; custom_padding_phone=&#8221;|0%||0%|false|false&#8221; custom_padding_last_edited=&#8221;on|tablet&#8221; global_colors_info=&#8221;{}&#8221; theme_builder_area=&#8221;post_content&#8221;]Bazkide &#8211; Zuzendaria[\/et_pb_text][et_pb_text _builder_version=&#8221;4.19.4&#8243; _module_preset=&#8221;default&#8221; text_font=&#8221;Roboto Condensed||||||||&#8221; text_text_color=&#8221;#656565&#8243; text_font_size=&#8221;20px&#8221; text_line_height=&#8221;50px&#8221; header_font_size=&#8221;20px&#8221; custom_margin=&#8221;|15%|0px||false|false&#8221; custom_margin_tablet=&#8221;|0%|||false|false&#8221; custom_margin_phone=&#8221;|0%|||false|false&#8221; custom_margin_last_edited=&#8221;on|tablet&#8221; custom_padding=&#8221;|10%||15%|false|false&#8221; custom_padding_tablet=&#8221;|0%||0%|false|false&#8221; custom_padding_phone=&#8221;|0%||0%|false|false&#8221; custom_padding_last_edited=&#8221;on|tablet&#8221; global_colors_info=&#8221;{}&#8221; theme_builder_area=&#8221;post_content&#8221;]<a href=\"mailto:juanjo@alterconsulting.es\"><span>juanjo@alterconsulting.es<\/span><\/a>[\/et_pb_text][et_pb_text _builder_version=&#8221;4.19.4&#8243; _module_preset=&#8221;default&#8221; text_font=&#8221;||||||||&#8221; text_orientation=&#8221;justified&#8221; custom_margin=&#8221;71px|||||&#8221; custom_margin_tablet=&#8221;20px||||false|false&#8221; custom_margin_phone=&#8221;20px||||false|false&#8221; custom_margin_last_edited=&#8221;on|tablet&#8221; custom_padding=&#8221;|5%||15%|false|false&#8221; custom_padding_tablet=&#8221;|0%||0%|false|false&#8221; custom_padding_phone=&#8221;|0%||0%|false|false&#8221; custom_padding_last_edited=&#8221;on|tablet&#8221; global_colors_info=&#8221;{}&#8221; theme_builder_area=&#8221;post_content&#8221;]<\/p>\n<p>Enpresa ikasketak eta Zuzenbidekoak egin bitartean, konturatu nintzen nire barruan enpresa-espiritua nagusitzen zela; beraz, ikasketak amaitu eta berehala sartu nintzen Arthur Andersen Auditores-en. Zorte handia izan nuen bertan amaitu bainuen prestakuntza, Chicagon eginiko ikasketekin; gainera, Computer Audit System Team (CAST) taldeko kide izan nintzen; beraz, lehen kontaktuak auditore-lanari aplikatutako teknologia berriekin.<\/p>\n<p>Garai hartan, gerora lanbide-karrera izango nuen oinarria ikasteaz gainera, balio izan zidan lehen harremana izateko gure lurraldean dauden enpresen aniztasunarekin, problematika ezagutzeko, laguntzeko eta beren helburuak lortzen laguntzeko. Halaber, enpresa-egiturak eta enpresariek ongizate kolektiborako egiten duten ahalegina ulertu nuen.<\/p>\n<p>Uztailaren 12ko 19\/1988 Legearen (urteko kontu batzuk kontu-auditoretzaren pean jartzeko beharrari buruzkoa) bidez, \u201cjauzia eman nuen\u201d eta gaur egun \u201cConsultores y Auditores Alter 1990, S.L.P.\u201d dena sortu nuen.<\/p>\n<p>25 urtetik gorako epe horretan, hazi egin gara, garatu eta gure bezeroen behar berrietara egokitu gara; gaur egun, prestakuntza handiko bulegoa gara, gure bezeroek eskatzen dizkiguten beharrei erantzuteko prest dagoen taldea dugu.<\/p>\n<p>Esker ona adierazi nahi diet duela urte batzuetatik hona bulegoaren idiosinkrasia ulertu eta barneratu duten eta merkatura egokitzeko borrokatu diren langileei, bai eta duela urte askotatik hona gure profesionalengan eta gure zerbitzuetan konfiantza izan dutenei ere. Horiek guztiak gabe, errealitate hau ez zatekeen posible izango.<\/p>\n<p>Gaur egun, nire jardueraren zati handi bat, besteak beste, enpresaren berrantolaketan, eragiketa korporatiboetan eta ekonomia- eta finantza-kontsultoretzan zentratzen da; bertan aplikatzen ditut urte hauetan eskuratutako ezagutzak eta lanbide-esperientzia.<\/p>\n<p>[\/et_pb_text][\/et_pb_column][et_pb_column type=&#8221;1_2&#8243; _builder_version=&#8221;4.19.4&#8243; _module_preset=&#8221;default&#8221; global_colors_info=&#8221;{}&#8221; theme_builder_area=&#8221;post_content&#8221;][et_pb_image src=&#8221;http:\/\/www.alterconsulting.es\/wp-content\/uploads\/2016\/08\/Alter-Consulting-Auditoria-Asesoria-en-Donostia-San-Sebasti\u00e1n-8895-1.jpg&#8221; title_text=&#8221;Alter-Consulting-Auditoria-Asesoria-en-Donostia-San-Sebasti\u00e1n-8895-1&#8243; _builder_version=&#8221;4.19.4&#8243; _module_preset=&#8221;default&#8221; global_colors_info=&#8221;{}&#8221; theme_builder_area=&#8221;post_content&#8221;][\/et_pb_image][\/et_pb_column][\/et_pb_row][\/et_pb_section]<\/p>\n","protected":false},"excerpt":{"rendered":"<p><div class=\"et_pb_module dsm_typing_effect dsm_typing_effect_0 et_pb_bg_layout_light \">\n\t\t\t\t\n\t\t\t\t\n\t\t\t\t\n\t\t\t\t\n\t\t\t\t\n\t\t\t\t\n\t\t\t\t<div class=\"et_pb_module_inner\">\n\t\t\t\t\t<h1 class=\"dsm-typing-effect et_pb_module_header\" aria-label=\"TALDEA\"> <span class=\"dsm-typing-wrapper\"><span class=\"dsm-typing-strings\">TALDEA<\/span><span class=\"dsm-typing\" aria-hidden=\"true\" data-dsm-typing-cursor=\"|\" data-dsm-typing-strings=\"TALDEA\" data-dsm-typing-speed=100ms data-dsm-typing-backspeed=50ms data-dsm-typing-backdelay=700ms data-dsm-typing-loop=false data-dsm-typing-remove-cursor=on data-dsm-typing-fadeout=false data-dsm-typing-shuffle=false data-dsm-typing-delay=0ms data-dsm-typing-viewport=80% data-dsm-typing-repeat=on><\/span><\/span><\/h1>\n\t\t\t\t<\/div>\n\t\t\t<\/div>Juanjo TrullosBazkide &#8211; Zuzendariajuanjo@alterconsulting.esEnpresa ikasketak eta Zuzenbidekoak egin bitartean, konturatu nintzen nire barruan enpresa-espiritua nagusitzen zela; beraz, ikasketak amaitu eta berehala sartu nintzen Arthur Andersen Auditores-en. Zorte handia izan nuen bertan amaitu bainuen prestakuntza, Chicagon eginiko ikasketekin; gainera, Computer Audit System Team (CAST) taldeko kide izan nintzen; beraz, lehen kontaktuak auditore-lanari aplikatutako teknologia berriekin. Garai hartan, gerora lanbide-karrera izango nuen oinarria ikasteaz gainera, balio izan zidan lehen harremana izateko gure lurraldean dauden enpresen aniztasunarekin, problematika ezagutzeko, laguntzeko eta beren helburuak lortzen laguntzeko. Halaber, enpresa-egiturak eta enpresariek ongizate kolektiborako egiten duten ahalegina ulertu nuen. Uztailaren 12ko 19\/1988 Legearen (urteko kontu batzuk kontu-auditoretzaren pean jartzeko beharrari buruzkoa) bidez, \u201cjauzia eman nuen\u201d eta gaur egun \u201cConsultores y Auditores Alter 1990, S.L.P.\u201d dena sortu nuen. 25 urtetik gorako epe horretan, hazi egin gara, garatu eta gure bezeroen behar berrietara egokitu gara; gaur egun, prestakuntza handiko bulegoa gara, gure bezeroek eskatzen dizkiguten beharrei erantzuteko prest dagoen taldea dugu. Esker ona adierazi nahi diet duela urte batzuetatik hona bulegoaren idiosinkrasia ulertu eta barneratu duten eta merkatura egokitzeko borrokatu diren langileei, bai eta duela urte askotatik hona gure profesionalengan eta gure zerbitzuetan konfiantza [&hellip;]<\/p>\n","protected":false},"author":5,"featured_media":0,"parent":1630,"menu_order":0,"comment_status":"closed","ping_status":"closed","template":"","meta":{"_et_pb_use_builder":"on","_et_pb_old_content":"","_et_gb_content_width":"","footnotes":""},"class_list":["post-1641","page","type-page","status-publish","hentry"],"yoast_head":"<!-- This site is optimized with the Yoast SEO plugin v27.4 - https:\/\/yoast.com\/product\/yoast-seo-wordpress\/ -->\n<title>Juanjo Trullos - Alter Consulting<\/title>\n<meta name=\"description\" content=\"Alter Consulting. Empresa de Auditor\u00eda, Asesor\u00eda, Consultor\u00eda en Donostia San Sebasti\u00e1n desde 1990\" \/>\n<meta name=\"robots\" content=\"index, follow, max-snippet:-1, max-image-preview:large, max-video-preview:-1\" \/>\n<link rel=\"canonical\" href=\"https:\/\/www.alterconsulting.es\/equipo-consultores-gipuzkoa\/socio-director-consultoria-gipuzkoa\/\" \/>\n<meta property=\"og:locale\" content=\"en_US\" \/>\n<meta property=\"og:type\" content=\"article\" \/>\n<meta property=\"og:title\" content=\"Juanjo Trullos - Alter Consulting\" \/>\n<meta property=\"og:description\" content=\"Alter Consulting. Empresa de Auditor\u00eda, Asesor\u00eda, Consultor\u00eda en Donostia San Sebasti\u00e1n desde 1990\" \/>\n<meta property=\"og:url\" content=\"https:\/\/www.alterconsulting.es\/equipo-consultores-gipuzkoa\/socio-director-consultoria-gipuzkoa\/\" \/>\n<meta property=\"og:site_name\" content=\"Alter Consulting\" \/>\n<meta property=\"article:modified_time\" content=\"2023-03-01T11:34:04+00:00\" \/>\n<meta name=\"twitter:card\" content=\"summary_large_image\" \/>\n<script type=\"application\/ld+json\" class=\"yoast-schema-graph\">{\"@context\":\"https:\\\/\\\/schema.org\",\"@graph\":[{\"@type\":\"WebPage\",\"@id\":\"https:\\\/\\\/www.alterconsulting.es\\\/equipo-consultores-gipuzkoa\\\/socio-director-consultoria-gipuzkoa\\\/\",\"url\":\"https:\\\/\\\/www.alterconsulting.es\\\/equipo-consultores-gipuzkoa\\\/socio-director-consultoria-gipuzkoa\\\/\",\"name\":\"Juanjo Trullos - Alter Consulting\",\"isPartOf\":{\"@id\":\"https:\\\/\\\/www.alterconsulting.es\\\/#website\"},\"datePublished\":\"2017-08-02T10:33:06+00:00\",\"dateModified\":\"2023-03-01T11:34:04+00:00\",\"description\":\"Alter Consulting. Empresa de Auditor\u00eda, Asesor\u00eda, Consultor\u00eda en Donostia San Sebasti\u00e1n desde 1990\",\"breadcrumb\":{\"@id\":\"https:\\\/\\\/www.alterconsulting.es\\\/equipo-consultores-gipuzkoa\\\/socio-director-consultoria-gipuzkoa\\\/#breadcrumb\"},\"inLanguage\":\"eu\",\"potentialAction\":[{\"@type\":\"ReadAction\",\"target\":[\"https:\\\/\\\/www.alterconsulting.es\\\/equipo-consultores-gipuzkoa\\\/socio-director-consultoria-gipuzkoa\\\/\"]}]},{\"@type\":\"BreadcrumbList\",\"@id\":\"https:\\\/\\\/www.alterconsulting.es\\\/equipo-consultores-gipuzkoa\\\/socio-director-consultoria-gipuzkoa\\\/#breadcrumb\",\"itemListElement\":[{\"@type\":\"ListItem\",\"position\":1,\"name\":\"Portada\",\"item\":\"https:\\\/\\\/www.alterconsulting.es\\\/eu\\\/\"},{\"@type\":\"ListItem\",\"position\":2,\"name\":\"Taldea\",\"item\":\"https:\\\/\\\/www.alterconsulting.es\\\/equipo-consultores-gipuzkoa\\\/\"},{\"@type\":\"ListItem\",\"position\":3,\"name\":\"Juanjo Trullos\"}]},{\"@type\":\"WebSite\",\"@id\":\"https:\\\/\\\/www.alterconsulting.es\\\/#website\",\"url\":\"https:\\\/\\\/www.alterconsulting.es\\\/\",\"name\":\"Alter Consulting\",\"description\":\"Auditoria Donostia - San Sebasti\u00e1n\",\"potentialAction\":[{\"@type\":\"SearchAction\",\"target\":{\"@type\":\"EntryPoint\",\"urlTemplate\":\"https:\\\/\\\/www.alterconsulting.es\\\/?s={search_term_string}\"},\"query-input\":{\"@type\":\"PropertyValueSpecification\",\"valueRequired\":true,\"valueName\":\"search_term_string\"}}],\"inLanguage\":\"eu\"}]}<\/script>\n<!-- \/ Yoast SEO plugin. -->","yoast_head_json":{"title":"Juanjo Trullos - Alter Consulting","description":"Alter Consulting. Empresa de Auditor\u00eda, Asesor\u00eda, Consultor\u00eda en Donostia San Sebasti\u00e1n desde 1990","robots":{"index":"index","follow":"follow","max-snippet":"max-snippet:-1","max-image-preview":"max-image-preview:large","max-video-preview":"max-video-preview:-1"},"canonical":"https:\/\/www.alterconsulting.es\/equipo-consultores-gipuzkoa\/socio-director-consultoria-gipuzkoa\/","og_locale":"en_US","og_type":"article","og_title":"Juanjo Trullos - Alter Consulting","og_description":"Alter Consulting. Empresa de Auditor\u00eda, Asesor\u00eda, Consultor\u00eda en Donostia San Sebasti\u00e1n desde 1990","og_url":"https:\/\/www.alterconsulting.es\/equipo-consultores-gipuzkoa\/socio-director-consultoria-gipuzkoa\/","og_site_name":"Alter Consulting","article_modified_time":"2023-03-01T11:34:04+00:00","twitter_card":"summary_large_image","schema":{"@context":"https:\/\/schema.org","@graph":[{"@type":"WebPage","@id":"https:\/\/www.alterconsulting.es\/equipo-consultores-gipuzkoa\/socio-director-consultoria-gipuzkoa\/","url":"https:\/\/www.alterconsulting.es\/equipo-consultores-gipuzkoa\/socio-director-consultoria-gipuzkoa\/","name":"Juanjo Trullos - Alter Consulting","isPartOf":{"@id":"https:\/\/www.alterconsulting.es\/#website"},"datePublished":"2017-08-02T10:33:06+00:00","dateModified":"2023-03-01T11:34:04+00:00","description":"Alter Consulting. Empresa de Auditor\u00eda, Asesor\u00eda, Consultor\u00eda en Donostia San Sebasti\u00e1n desde 1990","breadcrumb":{"@id":"https:\/\/www.alterconsulting.es\/equipo-consultores-gipuzkoa\/socio-director-consultoria-gipuzkoa\/#breadcrumb"},"inLanguage":"eu","potentialAction":[{"@type":"ReadAction","target":["https:\/\/www.alterconsulting.es\/equipo-consultores-gipuzkoa\/socio-director-consultoria-gipuzkoa\/"]}]},{"@type":"BreadcrumbList","@id":"https:\/\/www.alterconsulting.es\/equipo-consultores-gipuzkoa\/socio-director-consultoria-gipuzkoa\/#breadcrumb","itemListElement":[{"@type":"ListItem","position":1,"name":"Portada","item":"https:\/\/www.alterconsulting.es\/eu\/"},{"@type":"ListItem","position":2,"name":"Taldea","item":"https:\/\/www.alterconsulting.es\/equipo-consultores-gipuzkoa\/"},{"@type":"ListItem","position":3,"name":"Juanjo Trullos"}]},{"@type":"WebSite","@id":"https:\/\/www.alterconsulting.es\/#website","url":"https:\/\/www.alterconsulting.es\/","name":"Alter Consulting","description":"Auditoria Donostia - San Sebasti\u00e1n","potentialAction":[{"@type":"SearchAction","target":{"@type":"EntryPoint","urlTemplate":"https:\/\/www.alterconsulting.es\/?s={search_term_string}"},"query-input":{"@type":"PropertyValueSpecification","valueRequired":true,"valueName":"search_term_string"}}],"inLanguage":"eu"}]}},"_links":{"self":[{"href":"https:\/\/www.alterconsulting.es\/eu\/wp-json\/wp\/v2\/pages\/1641","targetHints":{"allow":["GET"]}}],"collection":[{"href":"https:\/\/www.alterconsulting.es\/eu\/wp-json\/wp\/v2\/pages"}],"about":[{"href":"https:\/\/www.alterconsulting.es\/eu\/wp-json\/wp\/v2\/types\/page"}],"author":[{"embeddable":true,"href":"https:\/\/www.alterconsulting.es\/eu\/wp-json\/wp\/v2\/users\/5"}],"replies":[{"embeddable":true,"href":"https:\/\/www.alterconsulting.es\/eu\/wp-json\/wp\/v2\/comments?post=1641"}],"version-history":[{"count":2,"href":"https:\/\/www.alterconsulting.es\/eu\/wp-json\/wp\/v2\/pages\/1641\/revisions"}],"predecessor-version":[{"id":7659,"href":"https:\/\/www.alterconsulting.es\/eu\/wp-json\/wp\/v2\/pages\/1641\/revisions\/7659"}],"up":[{"embeddable":true,"href":"https:\/\/www.alterconsulting.es\/eu\/wp-json\/wp\/v2\/pages\/1630"}],"wp:attachment":[{"href":"https:\/\/www.alterconsulting.es\/eu\/wp-json\/wp\/v2\/media?parent=1641"}],"curies":[{"name":"wp","href":"https:\/\/api.w.org\/{rel}","templated":true}]}}