{"id":1639,"date":"2017-08-02T11:30:29","date_gmt":"2017-08-02T10:30:29","guid":{"rendered":"http:\/\/www.alterconsulting.es\/?page_id=1639\/"},"modified":"2023-03-01T12:23:32","modified_gmt":"2023-03-01T11:23:32","slug":"pedro-odriozola","status":"publish","type":"page","link":"https:\/\/www.alterconsulting.es\/eu\/taldea\/pedro-odriozola\/","title":{"rendered":"Pedro Odriozola"},"content":{"rendered":"<p>[et_pb_section fb_built=&#8221;1&#8243; custom_padding_last_edited=&#8221;on|phone&#8221; _builder_version=&#8221;4.19.4&#8243; _module_preset=&#8221;default&#8221; background_image=&#8221;http:\/\/www.alterconsulting.es\/wp-content\/uploads\/2023\/03\/Alter-Consulting-Asesoria-Auditoria-Consultoria-Gestion-y-Direccion-Creativas-en-Donostia-San-Sebastian-Gipuzkoa.jpg&#8221; background_position=&#8221;bottom_center&#8221; custom_padding=&#8221;25px||25px||false|false&#8221; custom_padding_tablet=&#8221;0px||0px||false|false&#8221; custom_padding_phone=&#8221;0px||0px||false|false&#8221; global_colors_info=&#8221;{}&#8221; theme_builder_area=&#8221;post_content&#8221;][et_pb_row column_structure=&#8221;1_2,1_2&#8243; _builder_version=&#8221;4.19.4&#8243; _module_preset=&#8221;default&#8221; width=&#8221;100%&#8221; global_colors_info=&#8221;{}&#8221; theme_builder_area=&#8221;post_content&#8221;][et_pb_column type=&#8221;1_2&#8243; _builder_version=&#8221;4.19.4&#8243; _module_preset=&#8221;default&#8221; custom_padding=&#8221;|||10%|false|false&#8221; global_colors_info=&#8221;{}&#8221; theme_builder_area=&#8221;post_content&#8221;][dsm_typing_effect typing_effect=&#8221;TALDEA&#8221; typing_loop=&#8221;off&#8221; typing_remove_cursor=&#8221;on&#8221; _builder_version=&#8221;4.19.4&#8243; _module_preset=&#8221;default&#8221; header_text_color=&#8221;#B5022A&#8221; header_font_size=&#8221;80px&#8221; header_line_height=&#8221;96px&#8221; custom_margin=&#8221;7px|||||&#8221; header_text_align_tablet=&#8221;center&#8221; header_text_align_phone=&#8221;center&#8221; header_text_align_last_edited=&#8221;on|tablet&#8221; global_colors_info=&#8221;{}&#8221; theme_builder_area=&#8221;post_content&#8221;][\/dsm_typing_effect][\/et_pb_column][et_pb_column type=&#8221;1_2&#8243; _builder_version=&#8221;4.19.4&#8243; _module_preset=&#8221;default&#8221; global_colors_info=&#8221;{}&#8221; theme_builder_area=&#8221;post_content&#8221;][et_pb_button button_url=&#8221;https:\/\/www.alterconsulting.es\/eu\/taldea\/#taldea&#8221; button_text=&#8221;Itzuli Taldera&#8221; button_alignment=&#8221;right&#8221; button_alignment_tablet=&#8221;left&#8221; button_alignment_phone=&#8221;center&#8221; button_alignment_last_edited=&#8221;on|phone&#8221; disabled_on=&#8221;on|off|off&#8221; _builder_version=&#8221;4.19.4&#8243; _module_preset=&#8221;default&#8221; custom_button=&#8221;on&#8221; button_text_color=&#8221;#FFFFFF&#8221; button_bg_color=&#8221;#B5022A&#8221; button_border_width=&#8221;0px&#8221; button_border_radius=&#8221;10px&#8221; button_font=&#8221;Roboto Condensed||||||||&#8221; custom_margin=&#8221;30px|5%|32px|5%|false|false&#8221; custom_padding=&#8221;|30px||30px|false|false&#8221; hover_enabled=&#8221;0&#8243; locked=&#8221;off&#8221; global_colors_info=&#8221;{}&#8221; theme_builder_area=&#8221;post_content&#8221; sticky_enabled=&#8221;0&#8243;][\/et_pb_button][et_pb_button button_url=&#8221;https:\/\/www.alterconsulting.es\/eu\/taldea\/#taldea&#8221; button_text=&#8221;Itzuli Taldera&#8221; button_alignment=&#8221;right&#8221; button_alignment_tablet=&#8221;left&#8221; button_alignment_phone=&#8221;center&#8221; button_alignment_last_edited=&#8221;on|phone&#8221; disabled_on=&#8221;off|on|on&#8221; _builder_version=&#8221;4.19.4&#8243; _module_preset=&#8221;default&#8221; custom_button=&#8221;on&#8221; button_text_color=&#8221;#FFFFFF&#8221; button_bg_color=&#8221;#B5022A&#8221; button_border_width=&#8221;0px&#8221; button_border_radius=&#8221;10px&#8221; button_font=&#8221;Roboto Condensed||||||||&#8221; custom_margin=&#8221;30px|5%|32px|5%|false|false&#8221; custom_padding=&#8221;|30px||30px|false|false&#8221; hover_enabled=&#8221;0&#8243; button_text_size_tablet=&#8221;&#8221; button_text_size_phone=&#8221;13px&#8221; button_text_size_last_edited=&#8221;on|phone&#8221; locked=&#8221;off&#8221; global_colors_info=&#8221;{}&#8221; theme_builder_area=&#8221;post_content&#8221; sticky_enabled=&#8221;0&#8243;][\/et_pb_button][\/et_pb_column][\/et_pb_row][\/et_pb_section][et_pb_section fb_built=&#8221;1&#8243; _builder_version=&#8221;4.19.4&#8243; _module_preset=&#8221;default&#8221; custom_padding=&#8221;||0px||false|false&#8221; global_colors_info=&#8221;{}&#8221; theme_builder_area=&#8221;post_content&#8221;][et_pb_row column_structure=&#8221;1_2,1_2&#8243; _builder_version=&#8221;4.19.4&#8243; _module_preset=&#8221;default&#8221; global_colors_info=&#8221;{}&#8221; theme_builder_area=&#8221;post_content&#8221;][et_pb_column type=&#8221;1_2&#8243; _builder_version=&#8221;4.19.4&#8243; _module_preset=&#8221;default&#8221; global_colors_info=&#8221;{}&#8221; theme_builder_area=&#8221;post_content&#8221;][et_pb_text _builder_version=&#8221;4.19.4&#8243; _module_preset=&#8221;default&#8221; text_font=&#8221;Roboto Condensed|||on|||||&#8221; text_text_color=&#8221;#B5022A&#8221; text_font_size=&#8221;45px&#8221; text_line_height=&#8221;50px&#8221; custom_margin=&#8221;|15%|0px||false|false&#8221; custom_margin_tablet=&#8221;|0%|||false|false&#8221; custom_margin_phone=&#8221;|0%|||false|false&#8221; custom_margin_last_edited=&#8221;on|tablet&#8221; custom_padding=&#8221;|||15%|false|false&#8221; custom_padding_tablet=&#8221;|0%||0%|false|false&#8221; custom_padding_phone=&#8221;|0%||0%|false|false&#8221; custom_padding_last_edited=&#8221;on|tablet&#8221; global_colors_info=&#8221;{}&#8221; theme_builder_area=&#8221;post_content&#8221;]<\/p>\n<p><span>Pedro Odriozola<\/span><\/p>\n<p>[\/et_pb_text][et_pb_text _builder_version=&#8221;4.19.4&#8243; _module_preset=&#8221;default&#8221; text_font=&#8221;Roboto Condensed||||||||&#8221; text_text_color=&#8221;#656565&#8243; text_font_size=&#8221;40px&#8221; text_line_height=&#8221;50px&#8221; custom_margin=&#8221;|15%|0px||false|false&#8221; custom_margin_tablet=&#8221;|0%|||false|false&#8221; custom_margin_phone=&#8221;|0%|||false|false&#8221; custom_margin_last_edited=&#8221;on|tablet&#8221; custom_padding=&#8221;|10%||15%|false|false&#8221; custom_padding_tablet=&#8221;|0%||0%|false|false&#8221; custom_padding_phone=&#8221;|0%||0%|false|false&#8221; custom_padding_last_edited=&#8221;on|tablet&#8221; global_colors_info=&#8221;{}&#8221; theme_builder_area=&#8221;post_content&#8221;]Arloko Zuzendaria[\/et_pb_text][et_pb_text _builder_version=&#8221;4.19.4&#8243; _module_preset=&#8221;default&#8221; text_font=&#8221;Roboto Condensed||||||||&#8221; text_text_color=&#8221;#656565&#8243; text_font_size=&#8221;20px&#8221; text_line_height=&#8221;50px&#8221; header_font_size=&#8221;20px&#8221; custom_margin=&#8221;|15%|0px||false|false&#8221; custom_margin_tablet=&#8221;|0%|||false|false&#8221; custom_margin_phone=&#8221;|0%|||false|false&#8221; custom_margin_last_edited=&#8221;on|tablet&#8221; custom_padding=&#8221;|10%||15%|false|false&#8221; custom_padding_tablet=&#8221;|0%||0%|false|false&#8221; custom_padding_phone=&#8221;|0%||0%|false|false&#8221; custom_padding_last_edited=&#8221;on|tablet&#8221; global_colors_info=&#8221;{}&#8221; theme_builder_area=&#8221;post_content&#8221;]<\/p>\n<p><a href=\"mailto:podriozola@alterconsulting.es\"><span>podriozola@alterconsulting.es<\/span><\/a><\/p>\n<p>[\/et_pb_text][et_pb_text _builder_version=&#8221;4.19.4&#8243; _module_preset=&#8221;default&#8221; text_font=&#8221;||||||||&#8221; text_orientation=&#8221;justified&#8221; custom_margin=&#8221;71px|||||&#8221; custom_margin_tablet=&#8221;20px||||false|false&#8221; custom_margin_phone=&#8221;20px||||false|false&#8221; custom_margin_last_edited=&#8221;on|tablet&#8221; custom_padding=&#8221;|5%||15%|false|false&#8221; custom_padding_tablet=&#8221;|0%||0%|false|false&#8221; custom_padding_phone=&#8221;|0%||0%|false|false&#8221; custom_padding_last_edited=&#8221;on|tablet&#8221; global_colors_info=&#8221;{}&#8221; theme_builder_area=&#8221;post_content&#8221;]<\/p>\n<p>Ekonomia eta Enpresa Zientzietan lizentziatu nintzen, Deustuko Unibertsitatean, Donostiako campusean (ESTE), eta Kontabilitateko eta Kontu Auditoretzako Institutuko Kontu Auditoreen Erregistro Ofizialean nago inskribatuta, 1989tik. Era berean, Zinpeko Kontu Azterlarien eta Kontabilitateko Adituen Erregistroak egiaztatutako kontabilitateko aditu nago inskribatuta.<\/p>\n<p>Lanbide-hastapenak hainbat sozietatetako ekonomia- eta finantza-sailetan egin nituen; horren bidez, harreman zuzena izan nuen lurraldeko enpresa-problematikarekin, eta esperientzia handia hartu nuen, gerora lanbide-garapenean baliatu dudana.<\/p>\n<p>Duela 25 urte baino gehiago hasi nintzen sozietate pribatuekin eta erakunde publikoekin lankidetzan, eta hala jarraitzen dut egun ere; aholkuak ematen dizkiet beren jardueren garapenean eta merkatuaren egoera aldakorretara egokitzeko.<\/p>\n<p>Nire lan-ibilbidean nabarmentzekoa da, halaber, sozietate pribatuen eta erakunde publikoen kudeaketaren alderdi batzuei buruzko ikastaroetako irakasle izan naizela.<\/p>\n<p>[\/et_pb_text][\/et_pb_column][et_pb_column type=&#8221;1_2&#8243; _builder_version=&#8221;4.19.4&#8243; _module_preset=&#8221;default&#8221; global_colors_info=&#8221;{}&#8221; theme_builder_area=&#8221;post_content&#8221;][et_pb_image src=&#8221;http:\/\/www.alterconsulting.es\/wp-content\/uploads\/2017\/06\/Alter-Consulting-Auditoria-Asesoria-en-Donostia-San-Sebasti\u00e1n-9025-1.jpg&#8221; title_text=&#8221;Alter-Consulting-Auditoria-Asesoria-en-Donostia-San-Sebasti\u00e1n-9025-1&#8243; _builder_version=&#8221;4.19.4&#8243; _module_preset=&#8221;default&#8221; global_colors_info=&#8221;{}&#8221; theme_builder_area=&#8221;post_content&#8221;][\/et_pb_image][\/et_pb_column][\/et_pb_row][\/et_pb_section]<\/p>\n","protected":false},"excerpt":{"rendered":"<p><div class=\"et_pb_module dsm_typing_effect dsm_typing_effect_0 et_pb_bg_layout_light \">\n\t\t\t\t\n\t\t\t\t\n\t\t\t\t\n\t\t\t\t\n\t\t\t\t\n\t\t\t\t\n\t\t\t\t<div class=\"et_pb_module_inner\">\n\t\t\t\t\t<h1 class=\"dsm-typing-effect et_pb_module_header\" aria-label=\"TALDEA\"> <span class=\"dsm-typing-wrapper\"><span class=\"dsm-typing-strings\">TALDEA<\/span><span class=\"dsm-typing\" aria-hidden=\"true\" data-dsm-typing-cursor=\"|\" data-dsm-typing-strings=\"TALDEA\" data-dsm-typing-speed=100ms data-dsm-typing-backspeed=50ms data-dsm-typing-backdelay=700ms data-dsm-typing-loop=false data-dsm-typing-remove-cursor=on data-dsm-typing-fadeout=false data-dsm-typing-shuffle=false data-dsm-typing-delay=0ms data-dsm-typing-viewport=80% data-dsm-typing-repeat=on><\/span><\/span><\/h1>\n\t\t\t\t<\/div>\n\t\t\t<\/div>Pedro OdriozolaArloko Zuzendariapodriozola@alterconsulting.esEkonomia eta Enpresa Zientzietan lizentziatu nintzen, Deustuko Unibertsitatean, Donostiako campusean (ESTE), eta Kontabilitateko eta Kontu Auditoretzako Institutuko Kontu Auditoreen Erregistro Ofizialean nago inskribatuta, 1989tik. Era berean, Zinpeko Kontu Azterlarien eta Kontabilitateko Adituen Erregistroak egiaztatutako kontabilitateko aditu nago inskribatuta. Lanbide-hastapenak hainbat sozietatetako ekonomia- eta finantza-sailetan egin nituen; horren bidez, harreman zuzena izan nuen lurraldeko enpresa-problematikarekin, eta esperientzia handia hartu nuen, gerora lanbide-garapenean baliatu dudana. Duela 25 urte baino gehiago hasi nintzen sozietate pribatuekin eta erakunde publikoekin lankidetzan, eta hala jarraitzen dut egun ere; aholkuak ematen dizkiet beren jardueren garapenean eta merkatuaren egoera aldakorretara egokitzeko. Nire lan-ibilbidean nabarmentzekoa da, halaber, sozietate pribatuen eta erakunde publikoen kudeaketaren alderdi batzuei buruzko ikastaroetako irakasle izan naizela.<\/p>\n","protected":false},"author":5,"featured_media":0,"parent":1630,"menu_order":0,"comment_status":"closed","ping_status":"closed","template":"","meta":{"_et_pb_use_builder":"on","_et_pb_old_content":"","_et_gb_content_width":"","footnotes":""},"class_list":["post-1639","page","type-page","status-publish","hentry"],"yoast_head":"<!-- This site is optimized with the Yoast SEO plugin v27.4 - https:\/\/yoast.com\/product\/yoast-seo-wordpress\/ -->\n<title>Pedro Odriozola - Alter Consulting<\/title>\n<meta name=\"description\" content=\"Alter Consulting. Empresa de Auditor\u00eda, Asesor\u00eda, Consultor\u00eda en Donostia San Sebasti\u00e1n desde 1990\" \/>\n<meta name=\"robots\" content=\"index, follow, max-snippet:-1, max-image-preview:large, max-video-preview:-1\" \/>\n<link rel=\"canonical\" href=\"https:\/\/www.alterconsulting.es\/equipo-consultores-gipuzkoa\/director-de-area-consultoria-gipuzkoa-pedro-odriozola\/\" \/>\n<meta property=\"og:locale\" content=\"en_US\" \/>\n<meta property=\"og:type\" content=\"article\" \/>\n<meta property=\"og:title\" content=\"Pedro Odriozola - Alter Consulting\" \/>\n<meta property=\"og:description\" content=\"Alter Consulting. Empresa de Auditor\u00eda, Asesor\u00eda, Consultor\u00eda en Donostia San Sebasti\u00e1n desde 1990\" \/>\n<meta property=\"og:url\" content=\"https:\/\/www.alterconsulting.es\/equipo-consultores-gipuzkoa\/director-de-area-consultoria-gipuzkoa-pedro-odriozola\/\" \/>\n<meta property=\"og:site_name\" content=\"Alter Consulting\" \/>\n<meta property=\"article:modified_time\" content=\"2023-03-01T11:23:32+00:00\" \/>\n<meta name=\"twitter:card\" content=\"summary_large_image\" \/>\n<script type=\"application\/ld+json\" class=\"yoast-schema-graph\">{\"@context\":\"https:\\\/\\\/schema.org\",\"@graph\":[{\"@type\":\"WebPage\",\"@id\":\"https:\\\/\\\/www.alterconsulting.es\\\/equipo-consultores-gipuzkoa\\\/director-de-area-consultoria-gipuzkoa-pedro-odriozola\\\/\",\"url\":\"https:\\\/\\\/www.alterconsulting.es\\\/equipo-consultores-gipuzkoa\\\/director-de-area-consultoria-gipuzkoa-pedro-odriozola\\\/\",\"name\":\"Pedro Odriozola - Alter Consulting\",\"isPartOf\":{\"@id\":\"https:\\\/\\\/www.alterconsulting.es\\\/#website\"},\"datePublished\":\"2017-08-02T10:30:29+00:00\",\"dateModified\":\"2023-03-01T11:23:32+00:00\",\"description\":\"Alter Consulting. Empresa de Auditor\u00eda, Asesor\u00eda, Consultor\u00eda en Donostia San Sebasti\u00e1n desde 1990\",\"breadcrumb\":{\"@id\":\"https:\\\/\\\/www.alterconsulting.es\\\/equipo-consultores-gipuzkoa\\\/director-de-area-consultoria-gipuzkoa-pedro-odriozola\\\/#breadcrumb\"},\"inLanguage\":\"eu\",\"potentialAction\":[{\"@type\":\"ReadAction\",\"target\":[\"https:\\\/\\\/www.alterconsulting.es\\\/equipo-consultores-gipuzkoa\\\/director-de-area-consultoria-gipuzkoa-pedro-odriozola\\\/\"]}]},{\"@type\":\"BreadcrumbList\",\"@id\":\"https:\\\/\\\/www.alterconsulting.es\\\/equipo-consultores-gipuzkoa\\\/director-de-area-consultoria-gipuzkoa-pedro-odriozola\\\/#breadcrumb\",\"itemListElement\":[{\"@type\":\"ListItem\",\"position\":1,\"name\":\"Portada\",\"item\":\"https:\\\/\\\/www.alterconsulting.es\\\/eu\\\/\"},{\"@type\":\"ListItem\",\"position\":2,\"name\":\"Taldea\",\"item\":\"https:\\\/\\\/www.alterconsulting.es\\\/equipo-consultores-gipuzkoa\\\/\"},{\"@type\":\"ListItem\",\"position\":3,\"name\":\"Pedro Odriozola\"}]},{\"@type\":\"WebSite\",\"@id\":\"https:\\\/\\\/www.alterconsulting.es\\\/#website\",\"url\":\"https:\\\/\\\/www.alterconsulting.es\\\/\",\"name\":\"Alter Consulting\",\"description\":\"Auditoria Donostia - San Sebasti\u00e1n\",\"potentialAction\":[{\"@type\":\"SearchAction\",\"target\":{\"@type\":\"EntryPoint\",\"urlTemplate\":\"https:\\\/\\\/www.alterconsulting.es\\\/?s={search_term_string}\"},\"query-input\":{\"@type\":\"PropertyValueSpecification\",\"valueRequired\":true,\"valueName\":\"search_term_string\"}}],\"inLanguage\":\"eu\"}]}<\/script>\n<!-- \/ Yoast SEO plugin. -->","yoast_head_json":{"title":"Pedro Odriozola - Alter Consulting","description":"Alter Consulting. Empresa de Auditor\u00eda, Asesor\u00eda, Consultor\u00eda en Donostia San Sebasti\u00e1n desde 1990","robots":{"index":"index","follow":"follow","max-snippet":"max-snippet:-1","max-image-preview":"max-image-preview:large","max-video-preview":"max-video-preview:-1"},"canonical":"https:\/\/www.alterconsulting.es\/equipo-consultores-gipuzkoa\/director-de-area-consultoria-gipuzkoa-pedro-odriozola\/","og_locale":"en_US","og_type":"article","og_title":"Pedro Odriozola - Alter Consulting","og_description":"Alter Consulting. Empresa de Auditor\u00eda, Asesor\u00eda, Consultor\u00eda en Donostia San Sebasti\u00e1n desde 1990","og_url":"https:\/\/www.alterconsulting.es\/equipo-consultores-gipuzkoa\/director-de-area-consultoria-gipuzkoa-pedro-odriozola\/","og_site_name":"Alter Consulting","article_modified_time":"2023-03-01T11:23:32+00:00","twitter_card":"summary_large_image","schema":{"@context":"https:\/\/schema.org","@graph":[{"@type":"WebPage","@id":"https:\/\/www.alterconsulting.es\/equipo-consultores-gipuzkoa\/director-de-area-consultoria-gipuzkoa-pedro-odriozola\/","url":"https:\/\/www.alterconsulting.es\/equipo-consultores-gipuzkoa\/director-de-area-consultoria-gipuzkoa-pedro-odriozola\/","name":"Pedro Odriozola - Alter Consulting","isPartOf":{"@id":"https:\/\/www.alterconsulting.es\/#website"},"datePublished":"2017-08-02T10:30:29+00:00","dateModified":"2023-03-01T11:23:32+00:00","description":"Alter Consulting. Empresa de Auditor\u00eda, Asesor\u00eda, Consultor\u00eda en Donostia San Sebasti\u00e1n desde 1990","breadcrumb":{"@id":"https:\/\/www.alterconsulting.es\/equipo-consultores-gipuzkoa\/director-de-area-consultoria-gipuzkoa-pedro-odriozola\/#breadcrumb"},"inLanguage":"eu","potentialAction":[{"@type":"ReadAction","target":["https:\/\/www.alterconsulting.es\/equipo-consultores-gipuzkoa\/director-de-area-consultoria-gipuzkoa-pedro-odriozola\/"]}]},{"@type":"BreadcrumbList","@id":"https:\/\/www.alterconsulting.es\/equipo-consultores-gipuzkoa\/director-de-area-consultoria-gipuzkoa-pedro-odriozola\/#breadcrumb","itemListElement":[{"@type":"ListItem","position":1,"name":"Portada","item":"https:\/\/www.alterconsulting.es\/eu\/"},{"@type":"ListItem","position":2,"name":"Taldea","item":"https:\/\/www.alterconsulting.es\/equipo-consultores-gipuzkoa\/"},{"@type":"ListItem","position":3,"name":"Pedro Odriozola"}]},{"@type":"WebSite","@id":"https:\/\/www.alterconsulting.es\/#website","url":"https:\/\/www.alterconsulting.es\/","name":"Alter Consulting","description":"Auditoria Donostia - San Sebasti\u00e1n","potentialAction":[{"@type":"SearchAction","target":{"@type":"EntryPoint","urlTemplate":"https:\/\/www.alterconsulting.es\/?s={search_term_string}"},"query-input":{"@type":"PropertyValueSpecification","valueRequired":true,"valueName":"search_term_string"}}],"inLanguage":"eu"}]}},"_links":{"self":[{"href":"https:\/\/www.alterconsulting.es\/eu\/wp-json\/wp\/v2\/pages\/1639","targetHints":{"allow":["GET"]}}],"collection":[{"href":"https:\/\/www.alterconsulting.es\/eu\/wp-json\/wp\/v2\/pages"}],"about":[{"href":"https:\/\/www.alterconsulting.es\/eu\/wp-json\/wp\/v2\/types\/page"}],"author":[{"embeddable":true,"href":"https:\/\/www.alterconsulting.es\/eu\/wp-json\/wp\/v2\/users\/5"}],"replies":[{"embeddable":true,"href":"https:\/\/www.alterconsulting.es\/eu\/wp-json\/wp\/v2\/comments?post=1639"}],"version-history":[{"count":2,"href":"https:\/\/www.alterconsulting.es\/eu\/wp-json\/wp\/v2\/pages\/1639\/revisions"}],"predecessor-version":[{"id":7658,"href":"https:\/\/www.alterconsulting.es\/eu\/wp-json\/wp\/v2\/pages\/1639\/revisions\/7658"}],"up":[{"embeddable":true,"href":"https:\/\/www.alterconsulting.es\/eu\/wp-json\/wp\/v2\/pages\/1630"}],"wp:attachment":[{"href":"https:\/\/www.alterconsulting.es\/eu\/wp-json\/wp\/v2\/media?parent=1639"}],"curies":[{"name":"wp","href":"https:\/\/api.w.org\/{rel}","templated":true}]}}